{"id":33,"date":"2024-12-04T21:15:25","date_gmt":"2024-12-04T20:15:25","guid":{"rendered":"http:\/\/sveichstaedt.de\/de\/?page_id=33"},"modified":"2025-09-15T20:24:37","modified_gmt":"2025-09-15T18:24:37","slug":"kontakt","status":"publish","type":"page","link":"https:\/\/sveichstaedt.de\/de\/kontakt\/","title":{"rendered":"Kontakt"},"content":{"rendered":"\n<h2 class=\"wp-block-heading\">Kontakt<\/h2>\n\n\n\n<p>Ihr habt Fragen, m\u00f6chtet euch ehrenamtlich bei uns engagieren oder ein Probetraining erfragen? Dann meldet euch einfach!<\/p>\n\n\n\n<p>SV Eichst\u00e4dt 1949 e.V.<br>Vorsitzender Tom Neumann<br>Dr. R\u00fcdiger-Weber-Str. 6<br>16727 Oberkr\u00e4mer OT Eichst\u00e4dt<br>info@sv-eichstaedt.de<\/p>\n\n\n\n<p><\/p>\n","protected":false},"excerpt":{"rendered":"<p>Kontakt Ihr habt Fragen, m\u00f6chtet euch ehrenamtlich bei uns engagieren oder ein Probetraining erfragen? Dann meldet euch einfach! SV Eichst\u00e4dt 1949 e.V.Vorsitzender Tom NeumannDr. R\u00fcdiger-Weber-Str. 616727 Oberkr\u00e4mer OT Eichst\u00e4dtinfo@sv-eichstaedt.de<\/p>\n","protected":false},"author":1,"featured_media":0,"parent":0,"menu_order":0,"comment_status":"closed","ping_status":"closed","template":"","meta":{"_kad_post_transparent":"","_kad_post_title":"hide","_kad_post_layout":"","_kad_post_sidebar_id":"","_kad_post_content_style":"","_kad_post_vertical_padding":"","_kad_post_feature":"","_kad_post_feature_position":"","_kad_post_header":false,"_kad_post_footer":false,"footnotes":""},"class_list":["post-33","page","type-page","status-publish","hentry"],"_links":{"self":[{"href":"https:\/\/sveichstaedt.de\/de\/wp-json\/wp\/v2\/pages\/33","targetHints":{"allow":["GET"]}}],"collection":[{"href":"https:\/\/sveichstaedt.de\/de\/wp-json\/wp\/v2\/pages"}],"about":[{"href":"https:\/\/sveichstaedt.de\/de\/wp-json\/wp\/v2\/types\/page"}],"author":[{"embeddable":true,"href":"https:\/\/sveichstaedt.de\/de\/wp-json\/wp\/v2\/users\/1"}],"replies":[{"embeddable":true,"href":"https:\/\/sveichstaedt.de\/de\/wp-json\/wp\/v2\/comments?post=33"}],"version-history":[{"count":5,"href":"https:\/\/sveichstaedt.de\/de\/wp-json\/wp\/v2\/pages\/33\/revisions"}],"predecessor-version":[{"id":256,"href":"https:\/\/sveichstaedt.de\/de\/wp-json\/wp\/v2\/pages\/33\/revisions\/256"}],"wp:attachment":[{"href":"https:\/\/sveichstaedt.de\/de\/wp-json\/wp\/v2\/media?parent=33"}],"curies":[{"name":"wp","href":"https:\/\/api.w.org\/{rel}","templated":true}]}}