{"id":31,"date":"2024-12-04T21:14:28","date_gmt":"2024-12-04T20:14:28","guid":{"rendered":"http:\/\/sveichstaedt.de\/de\/?page_id=31"},"modified":"2025-07-04T11:47:46","modified_gmt":"2025-07-04T09:47:46","slug":"teams","status":"publish","type":"page","link":"https:\/\/sveichstaedt.de\/de\/teams\/","title":{"rendered":"Teams"},"content":{"rendered":"\n<p>W\u00e4hlt das gew\u00fcnschte Team f\u00fcr mehr Informationen<\/p>\n\n\n\n<ul class=\"wp-block-list\">\n<li><a href=\"http:\/\/sveichstaedt.de\/de\/teams\/frauen\/\" data-type=\"page\" data-id=\"121\">Frauen<\/a><\/li>\n\n\n\n<li><a href=\"http:\/\/sveichstaedt.de\/de\/teams\/maenner\/\" data-type=\"page\" data-id=\"118\">M\u00e4nner<\/a><\/li>\n\n\n\n<li><a href=\"http:\/\/sveichstaedt.de\/de\/teams\/maenner-ue40\/\" data-type=\"page\" data-id=\"123\">Herren \u00dc40<\/a><\/li>\n\n\n\n<li><a href=\"http:\/\/sveichstaedt.de\/de\/teams\/c-jugend-maennl\/\" data-type=\"page\" data-id=\"125\">C-Jugend (m\u00e4nnl.)<\/a><\/li>\n\n\n\n<li><a href=\"http:\/\/sveichstaedt.de\/de\/teams\/d-jugend-m-w\/\" data-type=\"page\" data-id=\"127\">D-Jugend (m\u00e4nnl.\/weibl.)<\/a><\/li>\n\n\n\n<li><a href=\"http:\/\/sveichstaedt.de\/de\/teams\/e-jugend-maennl-weibl\/\" data-type=\"page\" data-id=\"135\">E-Jugend (m\u00e4nnl.\/weibl.)<\/a><\/li>\n\n\n\n<li><a href=\"http:\/\/sveichstaedt.de\/de\/teams\/f-jugend-maennl-weibl\/\" data-type=\"page\" data-id=\"137\">F-Jugend (m\u00e4nnl.\/weibl.)<\/a><\/li>\n\n\n\n<li><a href=\"http:\/\/sveichstaedt.de\/de\/teams\/ballspielgruppe-kinder-4-6-jahre\/\" data-type=\"page\" data-id=\"141\">Ballsportgruppe (4-6 Jahre)<\/a><\/li>\n\n\n\n<li><a href=\"http:\/\/sveichstaedt.de\/de\/teams\/fitnessgruppe\/\" data-type=\"page\" data-id=\"143\">Fitnessgruppe<\/a><\/li>\n<\/ul>\n","protected":false},"excerpt":{"rendered":"<p>W\u00e4hlt das gew\u00fcnschte Team f\u00fcr mehr Informationen<\/p>\n","protected":false},"author":1,"featured_media":0,"parent":0,"menu_order":0,"comment_status":"closed","ping_status":"closed","template":"","meta":{"_kad_post_transparent":"","_kad_post_title":"hide","_kad_post_layout":"","_kad_post_sidebar_id":"","_kad_post_content_style":"","_kad_post_vertical_padding":"","_kad_post_feature":"","_kad_post_feature_position":"","_kad_post_header":false,"_kad_post_footer":false,"footnotes":""},"class_list":["post-31","page","type-page","status-publish","hentry"],"_links":{"self":[{"href":"https:\/\/sveichstaedt.de\/de\/wp-json\/wp\/v2\/pages\/31","targetHints":{"allow":["GET"]}}],"collection":[{"href":"https:\/\/sveichstaedt.de\/de\/wp-json\/wp\/v2\/pages"}],"about":[{"href":"https:\/\/sveichstaedt.de\/de\/wp-json\/wp\/v2\/types\/page"}],"author":[{"embeddable":true,"href":"https:\/\/sveichstaedt.de\/de\/wp-json\/wp\/v2\/users\/1"}],"replies":[{"embeddable":true,"href":"https:\/\/sveichstaedt.de\/de\/wp-json\/wp\/v2\/comments?post=31"}],"version-history":[{"count":8,"href":"https:\/\/sveichstaedt.de\/de\/wp-json\/wp\/v2\/pages\/31\/revisions"}],"predecessor-version":[{"id":220,"href":"https:\/\/sveichstaedt.de\/de\/wp-json\/wp\/v2\/pages\/31\/revisions\/220"}],"wp:attachment":[{"href":"https:\/\/sveichstaedt.de\/de\/wp-json\/wp\/v2\/media?parent=31"}],"curies":[{"name":"wp","href":"https:\/\/api.w.org\/{rel}","templated":true}]}}