{"id":14,"date":"2024-12-04T20:40:29","date_gmt":"2024-12-04T19:40:29","guid":{"rendered":"http:\/\/sveichstaedt.de\/de\/?page_id=14"},"modified":"2025-11-07T20:30:04","modified_gmt":"2025-11-07T19:30:04","slug":"unser-verein","status":"publish","type":"page","link":"https:\/\/sveichstaedt.de\/de\/unser-verein\/","title":{"rendered":"Verein"},"content":{"rendered":"\n<figure class=\"wp-block-gallery has-nested-images columns-default is-cropped wp-block-gallery-1 is-layout-flex wp-block-gallery-is-layout-flex\">\n<figure class=\"wp-block-image size-large\"><img loading=\"lazy\" decoding=\"async\" width=\"1024\" height=\"294\" data-id=\"278\" src=\"http:\/\/sveichstaedt.de\/de\/wp-content\/uploads\/2025\/11\/PXL_20251011_131829073.MP_-scaled-e1762543785212-1024x294.jpg\" alt=\"\" class=\"wp-image-278\" srcset=\"https:\/\/sveichstaedt.de\/de\/wp-content\/uploads\/2025\/11\/PXL_20251011_131829073.MP_-scaled-e1762543785212-1024x294.jpg 1024w, https:\/\/sveichstaedt.de\/de\/wp-content\/uploads\/2025\/11\/PXL_20251011_131829073.MP_-scaled-e1762543785212-300x86.jpg 300w, https:\/\/sveichstaedt.de\/de\/wp-content\/uploads\/2025\/11\/PXL_20251011_131829073.MP_-scaled-e1762543785212-768x220.jpg 768w, https:\/\/sveichstaedt.de\/de\/wp-content\/uploads\/2025\/11\/PXL_20251011_131829073.MP_-scaled-e1762543785212-1536x441.jpg 1536w, https:\/\/sveichstaedt.de\/de\/wp-content\/uploads\/2025\/11\/PXL_20251011_131829073.MP_-scaled-e1762543785212-2048x587.jpg 2048w\" sizes=\"auto, (max-width: 1024px) 100vw, 1024px\" \/><\/figure>\n<\/figure>\n\n\n\n<h2 class=\"wp-block-heading\">Handballtradition seit mehr als 75 Jahren<\/h2>\n\n\n\n<p>Seit seiner Gr\u00fcndung im Jahre 1949 widmet sich der SV Eichst\u00e4dt fast ausschlie\u00dflich dem Handballsport und geh\u00f6rt zu den absoluten Handballhochburgen im Landkreis Oberhavel. Eine M\u00e4nnermannschaft ist f\u00fcr den Verein auf Landesebene, eine weiteres M\u00e4nner- und ein Frauenteam auf Kreisebene im Punktspielbetrieb. Dar\u00fcber hinaus setzt der SVE konsequent auf gute Nachwuchsarbeit, sodass mehrere Kinder- und Jugendteams im Kreis auf Punktejagd gehen. Der Trainingsbetrieb findet sowohl in der Oberkr\u00e4merhalle Eichst\u00e4dt sowie in der Schulsporthalle der Nashorn-Grundschule Vehlefanz statt.<br><br>F\u00fcr die sportliche F\u00f6rderung der Teams stehen ausgebildete Trainerinnen und Trainer zur Verf\u00fcgung. Nahezu die gesamte Vereinsarbeit verl\u00e4uft auf ehrenamtlicher Basis, wozu auch die T\u00e4tigkeit der Teamleitungen z\u00e4hlt.<br><br>Interessierte Handballfreunde sind zu den jeweiligen Trainingszeiten immer willkommen. Bei entsprechenden k\u00f6rperlichen und spielerischen Voraussetzungen ist eine Integration in eine der Mannschaften problemlos m\u00f6glich. Bei weiteren Fragen zum Verein und unserer Arbeit nehmt gern mit uns Kontakt auf &#8211; per Email, Social Media oder pers\u00f6nlich beim n\u00e4chsten Heimspieltag.<\/p>\n\n\n\n<h2 class=\"wp-block-heading\">Mehr als Handball<\/h2>\n\n\n\n<p>Seit 2023 hat unser Verein auch eine Fitnessabteilung, die von Alexandra Zahn und Uli Fendrich geleitet wird. In dieser trainieren 2x w\u00f6chentlich ca. 50 M\u00e4dchen und Frauen zwischen 16 und 65 Jahren.<\/p>\n\n\n\n<p>Schwerpunkt des Trainings ist neben der F\u00f6rderung der allgemeinen k\u00f6rperlichen Fitness das Training von Kraft, Ausdauer, Koordination, Gleichgewicht und Beweglichkeit, ob t\u00e4nzerisch am Step-Brett, mit Aerobic-Choreografien oder auch kr\u00e4ftigend mit Intervalltraining, Zirkeltraining, Kickboxen oder Tabata. Dabei flie\u00dfen auch Elemente aus Yoga, Pilates und den neuesten Fitnesstrends wie Pound, Piloxing oder Barre ein. Erg\u00e4nzt wird das Angebot durch regelm\u00e4\u00dfige Teilnahme am Berliner Frauenlauf, am Fitnesswochenende im Sport- und Bildungszentrum Lindow, an Radtouren oder Kanutouren.<\/p>\n\n\n\n<p>Auch den HandballerInnen und der Handballjugend steht die Fitnessabteilung als Erg\u00e4nzung und Abwechslung zu ihrem Training zur Verf\u00fcgung, um so ihre Fitness zu verbessern.<\/p>\n\n\n\n<p><\/p>\n\n\n\n<figure class=\"wp-block-image size-medium is-resized\"><img loading=\"lazy\" decoding=\"async\" width=\"234\" height=\"300\" src=\"http:\/\/sveichstaedt.de\/de\/wp-content\/uploads\/2024\/12\/tom-234x300.jpg\" alt=\"\" class=\"wp-image-15\" style=\"width:246px;height:auto\" srcset=\"https:\/\/sveichstaedt.de\/de\/wp-content\/uploads\/2024\/12\/tom-234x300.jpg 234w, https:\/\/sveichstaedt.de\/de\/wp-content\/uploads\/2024\/12\/tom-800x1024.jpg 800w, https:\/\/sveichstaedt.de\/de\/wp-content\/uploads\/2024\/12\/tom-768x983.jpg 768w, https:\/\/sveichstaedt.de\/de\/wp-content\/uploads\/2024\/12\/tom-1200x1536.jpg 1200w, https:\/\/sveichstaedt.de\/de\/wp-content\/uploads\/2024\/12\/tom-1599x2048.jpg 1599w, https:\/\/sveichstaedt.de\/de\/wp-content\/uploads\/2024\/12\/tom-scaled.jpg 1999w\" sizes=\"auto, (max-width: 234px) 100vw, 234px\" \/><\/figure>\n\n\n\n<p>Tom Neumann (1. Vorsitzender)<\/p>\n\n\n\n<p><\/p>\n","protected":false},"excerpt":{"rendered":"<p>Handballtradition seit mehr als 75 Jahren Seit seiner Gr\u00fcndung im Jahre 1949 widmet sich der SV Eichst\u00e4dt fast ausschlie\u00dflich dem Handballsport und geh\u00f6rt zu den absoluten Handballhochburgen im Landkreis Oberhavel. Eine M\u00e4nnermannschaft ist f\u00fcr den Verein auf Landesebene, eine weiteres M\u00e4nner- und ein Frauenteam auf Kreisebene im Punktspielbetrieb. Dar\u00fcber hinaus setzt der SVE konsequent auf&#8230;<\/p>\n","protected":false},"author":1,"featured_media":0,"parent":0,"menu_order":0,"comment_status":"closed","ping_status":"closed","template":"","meta":{"_kad_post_transparent":"","_kad_post_title":"hide","_kad_post_layout":"","_kad_post_sidebar_id":"","_kad_post_content_style":"","_kad_post_vertical_padding":"","_kad_post_feature":"","_kad_post_feature_position":"","_kad_post_header":false,"_kad_post_footer":false,"footnotes":""},"class_list":["post-14","page","type-page","status-publish","hentry"],"_links":{"self":[{"href":"https:\/\/sveichstaedt.de\/de\/wp-json\/wp\/v2\/pages\/14","targetHints":{"allow":["GET"]}}],"collection":[{"href":"https:\/\/sveichstaedt.de\/de\/wp-json\/wp\/v2\/pages"}],"about":[{"href":"https:\/\/sveichstaedt.de\/de\/wp-json\/wp\/v2\/types\/page"}],"author":[{"embeddable":true,"href":"https:\/\/sveichstaedt.de\/de\/wp-json\/wp\/v2\/users\/1"}],"replies":[{"embeddable":true,"href":"https:\/\/sveichstaedt.de\/de\/wp-json\/wp\/v2\/comments?post=14"}],"version-history":[{"count":8,"href":"https:\/\/sveichstaedt.de\/de\/wp-json\/wp\/v2\/pages\/14\/revisions"}],"predecessor-version":[{"id":280,"href":"https:\/\/sveichstaedt.de\/de\/wp-json\/wp\/v2\/pages\/14\/revisions\/280"}],"wp:attachment":[{"href":"https:\/\/sveichstaedt.de\/de\/wp-json\/wp\/v2\/media?parent=14"}],"curies":[{"name":"wp","href":"https:\/\/api.w.org\/{rel}","templated":true}]}}