{"id":127,"date":"2025-07-02T17:56:30","date_gmt":"2025-07-02T15:56:30","guid":{"rendered":"https:\/\/sveichstaedt.de\/de\/?page_id=127"},"modified":"2025-11-07T20:44:55","modified_gmt":"2025-11-07T19:44:55","slug":"d-jugend-m-w","status":"publish","type":"page","link":"https:\/\/sveichstaedt.de\/de\/teams\/d-jugend-m-w\/","title":{"rendered":"D-Jugend (m\u00e4nnl.\/weibl.)"},"content":{"rendered":"\n<figure class=\"wp-block-image size-large\"><img loading=\"lazy\" decoding=\"async\" width=\"1024\" height=\"670\" src=\"http:\/\/sveichstaedt.de\/de\/wp-content\/uploads\/2025\/11\/IMG_3501-e1762544678985-1024x670.jpg\" alt=\"\" class=\"wp-image-272\" srcset=\"https:\/\/sveichstaedt.de\/de\/wp-content\/uploads\/2025\/11\/IMG_3501-e1762544678985-1024x670.jpg 1024w, https:\/\/sveichstaedt.de\/de\/wp-content\/uploads\/2025\/11\/IMG_3501-e1762544678985-300x196.jpg 300w, https:\/\/sveichstaedt.de\/de\/wp-content\/uploads\/2025\/11\/IMG_3501-e1762544678985-768x503.jpg 768w, https:\/\/sveichstaedt.de\/de\/wp-content\/uploads\/2025\/11\/IMG_3501-e1762544678985-1536x1006.jpg 1536w, https:\/\/sveichstaedt.de\/de\/wp-content\/uploads\/2025\/11\/IMG_3501-e1762544678985.jpg 1558w\" sizes=\"auto, (max-width: 1024px) 100vw, 1024px\" \/><\/figure>\n\n\n\n<p><strong>Trainingsleitung<\/strong><br>Indra Wiebach und Michael Groothius<\/p>\n\n\n\n<p><strong>Trainingszeiten<\/strong><br>Mittwoch 16:00 \u2013 17:30 Uhr | Oberkr\u00e4merhalle Eichst\u00e4dt<br>Freitag 16:00 \u2013 17:30 Uhr | Oberkr\u00e4merhalle Eichst\u00e4dt<\/p>\n\n\n\n<p><strong>Kreisliga m\u00e4nnliche Jugend D<\/strong><\/p>\n\n\n\n<div class=\"wp-block-buttons is-layout-flex wp-block-buttons-is-layout-flex\">\n<div class=\"wp-block-button\"><a class=\"wp-block-button__link wp-element-button\" href=\"https:\/\/hvbrandenburg-handball.liga.nu\/cgi-bin\/WebObjects\/nuLigaHBDE.woa\/wa\/groupPage?championship=SpB+B+-+2025+%2F+2026&amp;group=427214\" target=\"_blank\" rel=\"noreferrer noopener\">Tabelle<\/a><\/div>\n\n\n\n<div class=\"wp-block-button\"><a class=\"wp-block-button__link wp-element-button\" href=\"https:\/\/hvbrandenburg-handball.liga.nu\/cgi-bin\/WebObjects\/nuLigaHBDE.woa\/wa\/groupPage?displayTyp=vorrunde&amp;displayDetail=meetings&amp;championship=SpB+B+-+2025+%2F+2026&amp;group=427214\" target=\"_blank\" rel=\"noreferrer noopener\">Spielplan<\/a><\/div>\n<\/div>\n\n\n\n<p><\/p>\n","protected":false},"excerpt":{"rendered":"<p>TrainingsleitungIndra Wiebach und Michael Groothius TrainingszeitenMittwoch 16:00 \u2013 17:30 Uhr | Oberkr\u00e4merhalle Eichst\u00e4dtFreitag 16:00 \u2013 17:30 Uhr | Oberkr\u00e4merhalle Eichst\u00e4dt Kreisliga m\u00e4nnliche Jugend D<\/p>\n","protected":false},"author":1,"featured_media":0,"parent":31,"menu_order":0,"comment_status":"closed","ping_status":"closed","template":"","meta":{"_kad_post_transparent":"","_kad_post_title":"hide","_kad_post_layout":"","_kad_post_sidebar_id":"","_kad_post_content_style":"","_kad_post_vertical_padding":"","_kad_post_feature":"","_kad_post_feature_position":"","_kad_post_header":false,"_kad_post_footer":false,"footnotes":""},"class_list":["post-127","page","type-page","status-publish","hentry"],"_links":{"self":[{"href":"https:\/\/sveichstaedt.de\/de\/wp-json\/wp\/v2\/pages\/127","targetHints":{"allow":["GET"]}}],"collection":[{"href":"https:\/\/sveichstaedt.de\/de\/wp-json\/wp\/v2\/pages"}],"about":[{"href":"https:\/\/sveichstaedt.de\/de\/wp-json\/wp\/v2\/types\/page"}],"author":[{"embeddable":true,"href":"https:\/\/sveichstaedt.de\/de\/wp-json\/wp\/v2\/users\/1"}],"replies":[{"embeddable":true,"href":"https:\/\/sveichstaedt.de\/de\/wp-json\/wp\/v2\/comments?post=127"}],"version-history":[{"count":6,"href":"https:\/\/sveichstaedt.de\/de\/wp-json\/wp\/v2\/pages\/127\/revisions"}],"predecessor-version":[{"id":292,"href":"https:\/\/sveichstaedt.de\/de\/wp-json\/wp\/v2\/pages\/127\/revisions\/292"}],"up":[{"embeddable":true,"href":"https:\/\/sveichstaedt.de\/de\/wp-json\/wp\/v2\/pages\/31"}],"wp:attachment":[{"href":"https:\/\/sveichstaedt.de\/de\/wp-json\/wp\/v2\/media?parent=127"}],"curies":[{"name":"wp","href":"https:\/\/api.w.org\/{rel}","templated":true}]}}