{"id":125,"date":"2025-07-02T17:50:10","date_gmt":"2025-07-02T15:50:10","guid":{"rendered":"https:\/\/sveichstaedt.de\/de\/?page_id=125"},"modified":"2025-09-05T10:21:29","modified_gmt":"2025-09-05T08:21:29","slug":"c-jugend-maennl","status":"publish","type":"page","link":"https:\/\/sveichstaedt.de\/de\/teams\/c-jugend-maennl\/","title":{"rendered":"C-Jugend (m\u00e4nnl.)"},"content":{"rendered":"\n<figure class=\"wp-block-image size-large\"><img loading=\"lazy\" decoding=\"async\" width=\"1024\" height=\"839\" src=\"http:\/\/sveichstaedt.de\/de\/wp-content\/uploads\/2025\/09\/MJC25-scaled-e1757060149709-1024x839.jpg\" alt=\"\" class=\"wp-image-244\" srcset=\"https:\/\/sveichstaedt.de\/de\/wp-content\/uploads\/2025\/09\/MJC25-scaled-e1757060149709-1024x839.jpg 1024w, https:\/\/sveichstaedt.de\/de\/wp-content\/uploads\/2025\/09\/MJC25-scaled-e1757060149709-300x246.jpg 300w, https:\/\/sveichstaedt.de\/de\/wp-content\/uploads\/2025\/09\/MJC25-scaled-e1757060149709-768x629.jpg 768w, https:\/\/sveichstaedt.de\/de\/wp-content\/uploads\/2025\/09\/MJC25-scaled-e1757060149709-1536x1259.jpg 1536w, https:\/\/sveichstaedt.de\/de\/wp-content\/uploads\/2025\/09\/MJC25-scaled-e1757060149709.jpg 1550w\" sizes=\"auto, (max-width: 1024px) 100vw, 1024px\" \/><\/figure>\n\n\n\n<p><strong>Trainingsleitung<\/strong><br>Marko Sitz<br><br><strong>Trainingszeiten<\/strong><br>Montag 17:30 &#8211; 19:00 Uhr (April &#8211; Oktober) | Oberkr\u00e4merhalle Eichst\u00e4dt<br>Mittwoch 17:30 &#8211; 19:00 Uhr | Oberkr\u00e4merhalle Eichst\u00e4dt<\/p>\n\n\n\n<p><strong>Kreisoberliga m\u00e4nnliche Jugend C<\/strong><\/p>\n\n\n\n<div class=\"wp-block-buttons is-layout-flex wp-block-buttons-is-layout-flex\">\n<div class=\"wp-block-button\"><a class=\"wp-block-button__link wp-element-button\" href=\"https:\/\/hvbrandenburg-handball.liga.nu\/cgi-bin\/WebObjects\/nuLigaHBDE.woa\/wa\/groupPage?championship=SpB+B+-+2025+%2F+2026&amp;group=427279\" target=\"_blank\" rel=\"noreferrer noopener\">Tabelle<\/a><\/div>\n\n\n\n<div class=\"wp-block-button\"><a class=\"wp-block-button__link wp-element-button\" href=\"https:\/\/hvbrandenburg-handball.liga.nu\/cgi-bin\/WebObjects\/nuLigaHBDE.woa\/wa\/groupPage?displayTyp=vorrunde&amp;displayDetail=meetings&amp;championship=SpB+B+-+2025+%2F+2026&amp;group=427279\" target=\"_blank\" rel=\"noreferrer noopener\">Spielplan<\/a><\/div>\n<\/div>\n\n\n\n<p><\/p>\n","protected":false},"excerpt":{"rendered":"<p>TrainingsleitungMarko Sitz TrainingszeitenMontag 17:30 &#8211; 19:00 Uhr (April &#8211; Oktober) | Oberkr\u00e4merhalle Eichst\u00e4dtMittwoch 17:30 &#8211; 19:00 Uhr | Oberkr\u00e4merhalle Eichst\u00e4dt Kreisoberliga m\u00e4nnliche Jugend C<\/p>\n","protected":false},"author":1,"featured_media":0,"parent":31,"menu_order":0,"comment_status":"closed","ping_status":"closed","template":"","meta":{"_kad_post_transparent":"","_kad_post_title":"hide","_kad_post_layout":"","_kad_post_sidebar_id":"","_kad_post_content_style":"","_kad_post_vertical_padding":"","_kad_post_feature":"","_kad_post_feature_position":"","_kad_post_header":false,"_kad_post_footer":false,"footnotes":""},"class_list":["post-125","page","type-page","status-publish","hentry"],"_links":{"self":[{"href":"https:\/\/sveichstaedt.de\/de\/wp-json\/wp\/v2\/pages\/125","targetHints":{"allow":["GET"]}}],"collection":[{"href":"https:\/\/sveichstaedt.de\/de\/wp-json\/wp\/v2\/pages"}],"about":[{"href":"https:\/\/sveichstaedt.de\/de\/wp-json\/wp\/v2\/types\/page"}],"author":[{"embeddable":true,"href":"https:\/\/sveichstaedt.de\/de\/wp-json\/wp\/v2\/users\/1"}],"replies":[{"embeddable":true,"href":"https:\/\/sveichstaedt.de\/de\/wp-json\/wp\/v2\/comments?post=125"}],"version-history":[{"count":5,"href":"https:\/\/sveichstaedt.de\/de\/wp-json\/wp\/v2\/pages\/125\/revisions"}],"predecessor-version":[{"id":247,"href":"https:\/\/sveichstaedt.de\/de\/wp-json\/wp\/v2\/pages\/125\/revisions\/247"}],"up":[{"embeddable":true,"href":"https:\/\/sveichstaedt.de\/de\/wp-json\/wp\/v2\/pages\/31"}],"wp:attachment":[{"href":"https:\/\/sveichstaedt.de\/de\/wp-json\/wp\/v2\/media?parent=125"}],"curies":[{"name":"wp","href":"https:\/\/api.w.org\/{rel}","templated":true}]}}