{"id":123,"date":"2025-07-02T17:46:32","date_gmt":"2025-07-02T15:46:32","guid":{"rendered":"https:\/\/sveichstaedt.de\/de\/?page_id=123"},"modified":"2025-11-07T20:34:02","modified_gmt":"2025-11-07T19:34:02","slug":"maenner-ue40","status":"publish","type":"page","link":"https:\/\/sveichstaedt.de\/de\/teams\/maenner-ue40\/","title":{"rendered":"Herren \u00dc40"},"content":{"rendered":"\n<figure class=\"wp-block-image size-large\"><img loading=\"lazy\" decoding=\"async\" width=\"1024\" height=\"663\" src=\"http:\/\/sveichstaedt.de\/de\/wp-content\/uploads\/2025\/11\/IMG_3505-e1762543997903-1024x663.jpg\" alt=\"\" class=\"wp-image-273\" srcset=\"https:\/\/sveichstaedt.de\/de\/wp-content\/uploads\/2025\/11\/IMG_3505-e1762543997903-1024x663.jpg 1024w, https:\/\/sveichstaedt.de\/de\/wp-content\/uploads\/2025\/11\/IMG_3505-e1762543997903-300x194.jpg 300w, https:\/\/sveichstaedt.de\/de\/wp-content\/uploads\/2025\/11\/IMG_3505-e1762543997903-768x497.jpg 768w, https:\/\/sveichstaedt.de\/de\/wp-content\/uploads\/2025\/11\/IMG_3505-e1762543997903-1536x994.jpg 1536w, https:\/\/sveichstaedt.de\/de\/wp-content\/uploads\/2025\/11\/IMG_3505-e1762543997903.jpg 1687w\" sizes=\"auto, (max-width: 1024px) 100vw, 1024px\" \/><\/figure>\n\n\n\n<p><strong>Trainingsleitung<\/strong><br>Dennis Kolewe<br><br><strong>Trainingszeiten<\/strong><br>Mittwoch 19:00 &#8211; 21:00 Uhr | Oberkr\u00e4merhalle Eichst\u00e4dt<\/p>\n\n\n\n<p><strong>Kreisoberliga Herren \u00dc40<\/strong><\/p>\n\n\n\n<div class=\"wp-block-buttons is-layout-flex wp-block-buttons-is-layout-flex\">\n<div class=\"wp-block-button\"><a class=\"wp-block-button__link wp-element-button\" href=\"https:\/\/hvbrandenburg-handball.liga.nu\/cgi-bin\/WebObjects\/nuLigaHBDE.woa\/wa\/groupPage?championship=SpB+B+-+2025+%2F+2026&amp;group=427193\" target=\"_blank\" rel=\"noreferrer noopener\">Tabelle<\/a><\/div>\n\n\n\n<div class=\"wp-block-button\"><a class=\"wp-block-button__link wp-element-button\" href=\"https:\/\/hvbrandenburg-handball.liga.nu\/cgi-bin\/WebObjects\/nuLigaHBDE.woa\/wa\/groupPage?displayTyp=vorrunde&amp;displayDetail=meetings&amp;championship=SpB+B+-+2025+%2F+2026&amp;group=427193\" target=\"_blank\" rel=\"noreferrer noopener\">Spielplan<\/a><\/div>\n<\/div>\n","protected":false},"excerpt":{"rendered":"<p>TrainingsleitungDennis Kolewe TrainingszeitenMittwoch 19:00 &#8211; 21:00 Uhr | Oberkr\u00e4merhalle Eichst\u00e4dt Kreisoberliga Herren \u00dc40<\/p>\n","protected":false},"author":1,"featured_media":0,"parent":31,"menu_order":0,"comment_status":"closed","ping_status":"closed","template":"","meta":{"_kad_post_transparent":"","_kad_post_title":"hide","_kad_post_layout":"","_kad_post_sidebar_id":"","_kad_post_content_style":"","_kad_post_vertical_padding":"","_kad_post_feature":"","_kad_post_feature_position":"","_kad_post_header":false,"_kad_post_footer":false,"footnotes":""},"class_list":["post-123","page","type-page","status-publish","hentry"],"_links":{"self":[{"href":"https:\/\/sveichstaedt.de\/de\/wp-json\/wp\/v2\/pages\/123","targetHints":{"allow":["GET"]}}],"collection":[{"href":"https:\/\/sveichstaedt.de\/de\/wp-json\/wp\/v2\/pages"}],"about":[{"href":"https:\/\/sveichstaedt.de\/de\/wp-json\/wp\/v2\/types\/page"}],"author":[{"embeddable":true,"href":"https:\/\/sveichstaedt.de\/de\/wp-json\/wp\/v2\/users\/1"}],"replies":[{"embeddable":true,"href":"https:\/\/sveichstaedt.de\/de\/wp-json\/wp\/v2\/comments?post=123"}],"version-history":[{"count":8,"href":"https:\/\/sveichstaedt.de\/de\/wp-json\/wp\/v2\/pages\/123\/revisions"}],"predecessor-version":[{"id":283,"href":"https:\/\/sveichstaedt.de\/de\/wp-json\/wp\/v2\/pages\/123\/revisions\/283"}],"up":[{"embeddable":true,"href":"https:\/\/sveichstaedt.de\/de\/wp-json\/wp\/v2\/pages\/31"}],"wp:attachment":[{"href":"https:\/\/sveichstaedt.de\/de\/wp-json\/wp\/v2\/media?parent=123"}],"curies":[{"name":"wp","href":"https:\/\/api.w.org\/{rel}","templated":true}]}}