{"id":118,"date":"2025-07-02T17:38:40","date_gmt":"2025-07-02T15:38:40","guid":{"rendered":"https:\/\/sveichstaedt.de\/de\/?page_id=118"},"modified":"2025-11-07T20:37:33","modified_gmt":"2025-11-07T19:37:33","slug":"maenner","status":"publish","type":"page","link":"https:\/\/sveichstaedt.de\/de\/teams\/maenner\/","title":{"rendered":"M\u00e4nner"},"content":{"rendered":"\n<figure class=\"wp-block-image size-large\"><img loading=\"lazy\" decoding=\"async\" width=\"1024\" height=\"694\" src=\"http:\/\/sveichstaedt.de\/de\/wp-content\/uploads\/2025\/11\/IMG_3510-e1762543919894-1024x694.jpg\" alt=\"\" class=\"wp-image-274\" srcset=\"https:\/\/sveichstaedt.de\/de\/wp-content\/uploads\/2025\/11\/IMG_3510-e1762543919894-1024x694.jpg 1024w, https:\/\/sveichstaedt.de\/de\/wp-content\/uploads\/2025\/11\/IMG_3510-e1762543919894-300x203.jpg 300w, https:\/\/sveichstaedt.de\/de\/wp-content\/uploads\/2025\/11\/IMG_3510-e1762543919894-768x521.jpg 768w, https:\/\/sveichstaedt.de\/de\/wp-content\/uploads\/2025\/11\/IMG_3510-e1762543919894-1536x1042.jpg 1536w, https:\/\/sveichstaedt.de\/de\/wp-content\/uploads\/2025\/11\/IMG_3510-e1762543919894.jpg 1588w\" sizes=\"auto, (max-width: 1024px) 100vw, 1024px\" \/><\/figure>\n\n\n\n<p><strong>Trainingsleitung<\/strong><br>J\u00e1nos Zilahi<\/p>\n\n\n\n<p><strong>Trainingszeiten<\/strong><br>Montag 19:00 &#8211; 21:00 Uhr | Oberkr\u00e4merhalle Eichst\u00e4dt<br>Mittwoch 19:00 \u2013 21:00 Uhr | Oberkr\u00e4merhalle Eichst\u00e4dt<\/p>\n\n\n\n<p><strong>Landesliga M\u00e4nner Nord<\/strong><\/p>\n\n\n\n<div class=\"wp-block-buttons is-layout-flex wp-block-buttons-is-layout-flex\">\n<div class=\"wp-block-button\"><a class=\"wp-block-button__link wp-element-button\" href=\"https:\/\/hvbrandenburg-handball.liga.nu\/cgi-bin\/WebObjects\/nuLigaHBDE.woa\/wa\/groupPage?championship=HVBrandenburg+2025+%2F+2026&amp;group=427269\" target=\"_blank\" rel=\"noreferrer noopener\">Tabelle<\/a><\/div>\n\n\n\n<div class=\"wp-block-button\"><a class=\"wp-block-button__link wp-element-button\" href=\"https:\/\/hvbrandenburg-handball.liga.nu\/cgi-bin\/WebObjects\/nuLigaHBDE.woa\/wa\/groupPage?displayTyp=vorrunde&amp;displayDetail=meetings&amp;championship=HVBrandenburg+2025+%2F+2026&amp;group=427269\" target=\"_blank\" rel=\"noreferrer noopener\">Spielplan<\/a><\/div>\n<\/div>\n\n\n\n<p><\/p>\n","protected":false},"excerpt":{"rendered":"<p>TrainingsleitungJ\u00e1nos Zilahi TrainingszeitenMontag 19:00 &#8211; 21:00 Uhr | Oberkr\u00e4merhalle Eichst\u00e4dtMittwoch 19:00 \u2013 21:00 Uhr | Oberkr\u00e4merhalle Eichst\u00e4dt Landesliga M\u00e4nner Nord<\/p>\n","protected":false},"author":1,"featured_media":0,"parent":31,"menu_order":0,"comment_status":"closed","ping_status":"closed","template":"","meta":{"_kad_post_transparent":"","_kad_post_title":"hide","_kad_post_layout":"","_kad_post_sidebar_id":"","_kad_post_content_style":"","_kad_post_vertical_padding":"","_kad_post_feature":"","_kad_post_feature_position":"","_kad_post_header":false,"_kad_post_footer":false,"footnotes":""},"class_list":["post-118","page","type-page","status-publish","hentry"],"_links":{"self":[{"href":"https:\/\/sveichstaedt.de\/de\/wp-json\/wp\/v2\/pages\/118","targetHints":{"allow":["GET"]}}],"collection":[{"href":"https:\/\/sveichstaedt.de\/de\/wp-json\/wp\/v2\/pages"}],"about":[{"href":"https:\/\/sveichstaedt.de\/de\/wp-json\/wp\/v2\/types\/page"}],"author":[{"embeddable":true,"href":"https:\/\/sveichstaedt.de\/de\/wp-json\/wp\/v2\/users\/1"}],"replies":[{"embeddable":true,"href":"https:\/\/sveichstaedt.de\/de\/wp-json\/wp\/v2\/comments?post=118"}],"version-history":[{"count":8,"href":"https:\/\/sveichstaedt.de\/de\/wp-json\/wp\/v2\/pages\/118\/revisions"}],"predecessor-version":[{"id":286,"href":"https:\/\/sveichstaedt.de\/de\/wp-json\/wp\/v2\/pages\/118\/revisions\/286"}],"up":[{"embeddable":true,"href":"https:\/\/sveichstaedt.de\/de\/wp-json\/wp\/v2\/pages\/31"}],"wp:attachment":[{"href":"https:\/\/sveichstaedt.de\/de\/wp-json\/wp\/v2\/media?parent=118"}],"curies":[{"name":"wp","href":"https:\/\/api.w.org\/{rel}","templated":true}]}}